{"id":58,"date":"2019-10-28T16:00:47","date_gmt":"2019-10-28T19:00:47","guid":{"rendered":"https:\/\/aytyimoveis.laverso.com.br\/index.php\/contact-us\/"},"modified":"2024-02-28T13:17:05","modified_gmt":"2024-02-28T16:17:05","slug":"contact-us","status":"publish","type":"page","link":"https:\/\/aytyimoveis.laverso.com.br\/index.php\/contact-us\/","title":{"rendered":"Contact Us"},"content":{"rendered":"\t\t<div data-elementor-type=\"wp-page\" data-elementor-id=\"58\" class=\"elementor elementor-58\" data-elementor-post-type=\"page\">\n\t\t\t\t\t\t<section class=\"elementor-section elementor-top-section elementor-element elementor-element-0f988aa elementor-section-boxed elementor-section-height-default elementor-section-height-default\" data-id=\"0f988aa\" data-element_type=\"section\" data-settings=\"{&quot;_ha_eqh_enable&quot;:false}\">\n\t\t\t\t\t\t<div class=\"elementor-container elementor-column-gap-default\">\n\t\t\t\t\t<div class=\"aux-parallax-section elementor-column elementor-col-100 elementor-top-column elementor-element elementor-element-08a85c1\" data-id=\"08a85c1\" data-element_type=\"column\" data-settings=\"{&quot;background_background&quot;:&quot;classic&quot;}\">\n\t\t\t<div class=\"elementor-widget-wrap elementor-element-populated\">\n\t\t\t\t\t\t<div class=\"elementor-element elementor-element-fb0519f aux-appear-watch-animation aux-fade-in-up elementor-hidden-tablet elementor-hidden-mobile elementor-widget elementor-widget-aux_modern_heading\" data-id=\"fb0519f\" data-element_type=\"widget\" data-widget_type=\"aux_modern_heading.default\">\n\t\t\t\t<div class=\"elementor-widget-container\">\n\t\t\t<section class=\"aux-widget-modern-heading\">\n            <div class=\"aux-widget-inner\"><h2 class=\"aux-modern-heading-primary\">Aytyi Im\u00f3veis<\/h2><\/div>\n        <\/section>\t\t<\/div>\n\t\t\t\t<\/div>\n\t\t\t\t<div class=\"elementor-element elementor-element-1e55539 aux-appear-watch-animation aux-fade-in-up elementor-hidden-tablet elementor-hidden-mobile elementor-widget elementor-widget-aux_modern_heading\" data-id=\"1e55539\" data-element_type=\"widget\" data-widget_type=\"aux_modern_heading.default\">\n\t\t\t\t<div class=\"elementor-widget-container\">\n\t\t\t<section class=\"aux-widget-modern-heading\">\n            <div class=\"aux-widget-inner\"><h2 class=\"aux-modern-heading-primary\">Aytyi Im\u00f3veis<\/h2><\/div>\n        <\/section>\t\t<\/div>\n\t\t\t\t<\/div>\n\t\t\t\t\t<\/div>\n\t\t<\/div>\n\t\t\t\t\t<\/div>\n\t\t<\/section>\n\t\t\t\t<section class=\"elementor-section elementor-top-section elementor-element elementor-element-7728051 elementor-hidden-tablet elementor-hidden-mobile elementor-section-boxed elementor-section-height-default elementor-section-height-default\" data-id=\"7728051\" data-element_type=\"section\" data-settings=\"{&quot;_ha_eqh_enable&quot;:false}\">\n\t\t\t\t\t\t<div class=\"elementor-container elementor-column-gap-no\">\n\t\t\t\t\t<div class=\"aux-parallax-section elementor-column elementor-col-100 elementor-top-column elementor-element elementor-element-1876806\" data-id=\"1876806\" data-element_type=\"column\">\n\t\t\t<div class=\"elementor-widget-wrap elementor-element-populated\">\n\t\t\t\t\t\t<div class=\"elementor-element elementor-element-9c5381e elementor-widget elementor-widget-aux_image\" data-id=\"9c5381e\" data-element_type=\"widget\" data-settings=\"{&quot;motion_fx_motion_fx_scrolling&quot;:&quot;yes&quot;,&quot;motion_fx_translateY_effect&quot;:&quot;yes&quot;,&quot;motion_fx_translateY_speed&quot;:{&quot;unit&quot;:&quot;px&quot;,&quot;size&quot;:1.4,&quot;sizes&quot;:[]},&quot;motion_fx_blur_effect&quot;:&quot;yes&quot;,&quot;motion_fx_blur_level&quot;:{&quot;unit&quot;:&quot;px&quot;,&quot;size&quot;:10,&quot;sizes&quot;:[]},&quot;motion_fx_blur_range&quot;:{&quot;unit&quot;:&quot;%&quot;,&quot;size&quot;:&quot;&quot;,&quot;sizes&quot;:{&quot;start&quot;:28,&quot;end&quot;:47}},&quot;motion_fx_scale_effect&quot;:&quot;yes&quot;,&quot;motion_fx_scale_direction&quot;:&quot;in-out&quot;,&quot;motion_fx_scale_speed&quot;:{&quot;unit&quot;:&quot;px&quot;,&quot;size&quot;:1,&quot;sizes&quot;:[]},&quot;motion_fx_scale_range&quot;:{&quot;unit&quot;:&quot;%&quot;,&quot;size&quot;:&quot;&quot;,&quot;sizes&quot;:{&quot;start&quot;:13,&quot;end&quot;:25}},&quot;motion_fx_translateY_affectedRange&quot;:{&quot;unit&quot;:&quot;%&quot;,&quot;size&quot;:&quot;&quot;,&quot;sizes&quot;:{&quot;start&quot;:0,&quot;end&quot;:100}},&quot;motion_fx_blur_direction&quot;:&quot;out-in&quot;,&quot;motion_fx_devices&quot;:[&quot;desktop&quot;,&quot;tablet&quot;,&quot;mobile&quot;]}\" data-widget_type=\"aux_image.default\">\n\t\t\t\t<div class=\"elementor-widget-container\">\n\t\t\t<section class=\"widget-container aux-widget-image aux-alignnone aux-parent-au576fc9e9\">\n    <div class=\"aux-media-hint-frame \">\n        <div class=\"aux-media-image  aux-hidden-overflow\" >\n        \n                            <div class=\"aux-ribbon-wrapper aux-corner-ribbon bottom-left\">\n                    <span>Exclusivo<\/span>\n                <\/div>\n            \n\n            \n            <img fetchpriority=\"high\" decoding=\"async\" width=\"1618\" height=\"1080\" src=\"https:\/\/aytyimoveis.laverso.com.br\/wp-content\/uploads\/2024\/02\/14_IMG_6120-fundo33-40x27.jpg\" class=\"aux-attachment aux-featured-image aux-attachment-id-257 aux-preload aux-has-preview\" alt=\"14_IMG_6120-fundo33\" data-ratio=\"1.5\" data-original-w=\"1618\" data-src=\"https:\/\/aytyimoveis.laverso.com.br\/wp-content\/uploads\/2024\/02\/14_IMG_6120-fundo33.jpg\" \/>            \n                <\/div>\n    <\/div>\n\n<\/section><!-- widget-container -->\t\t<\/div>\n\t\t\t\t<\/div>\n\t\t\t\t<div class=\"elementor-element elementor-element-706601e elementor-widget elementor-widget-aux_image\" data-id=\"706601e\" data-element_type=\"widget\" data-widget_type=\"aux_image.default\">\n\t\t\t\t<div class=\"elementor-widget-container\">\n\t\t\t<section class=\"widget-container aux-widget-image aux-alignnone aux-parent-au4b4766bb\">\n    <div class=\"aux-media-hint-frame \">\n        <div class=\"aux-media-image \" >\n        \n            \n\n            \n            <img decoding=\"async\" width=\"1620\" height=\"1080\" src=\"https:\/\/aytyimoveis.laverso.com.br\/wp-content\/uploads\/2024\/02\/nosky-40x27.png\" class=\"aux-attachment aux-featured-image aux-attachment-id-1390 aux-preload aux-has-preview\" alt=\"nosky\" data-ratio=\"1.5\" data-original-w=\"1620\" data-src=\"https:\/\/aytyimoveis.laverso.com.br\/wp-content\/uploads\/2024\/02\/nosky.png\" \/>            \n                <\/div>\n    <\/div>\n\n<\/section><!-- widget-container -->\t\t<\/div>\n\t\t\t\t<\/div>\n\t\t\t\t<div class=\"elementor-element elementor-element-48e3854 elementor-widget elementor-widget-aux_modern_heading\" data-id=\"48e3854\" data-element_type=\"widget\" data-settings=\"{&quot;motion_fx_motion_fx_scrolling&quot;:&quot;yes&quot;,&quot;motion_fx_translateY_effect&quot;:&quot;yes&quot;,&quot;motion_fx_translateY_speed&quot;:{&quot;unit&quot;:&quot;px&quot;,&quot;size&quot;:10,&quot;sizes&quot;:[]},&quot;motion_fx_translateY_affectedRange&quot;:{&quot;unit&quot;:&quot;%&quot;,&quot;size&quot;:&quot;&quot;,&quot;sizes&quot;:{&quot;start&quot;:47,&quot;end&quot;:76}},&quot;motion_fx_blur_effect&quot;:&quot;yes&quot;,&quot;motion_fx_blur_level&quot;:{&quot;unit&quot;:&quot;px&quot;,&quot;size&quot;:3,&quot;sizes&quot;:[]},&quot;motion_fx_blur_range&quot;:{&quot;unit&quot;:&quot;%&quot;,&quot;size&quot;:&quot;&quot;,&quot;sizes&quot;:{&quot;start&quot;:20,&quot;end&quot;:51}},&quot;motion_fx_scale_effect&quot;:&quot;yes&quot;,&quot;motion_fx_scale_speed&quot;:{&quot;unit&quot;:&quot;px&quot;,&quot;size&quot;:2,&quot;sizes&quot;:[]},&quot;motion_fx_scale_range&quot;:{&quot;unit&quot;:&quot;%&quot;,&quot;size&quot;:&quot;&quot;,&quot;sizes&quot;:{&quot;start&quot;:50,&quot;end&quot;:100}},&quot;motion_fx_blur_direction&quot;:&quot;out-in&quot;,&quot;motion_fx_scale_direction&quot;:&quot;out-in&quot;,&quot;motion_fx_devices&quot;:[&quot;desktop&quot;,&quot;tablet&quot;,&quot;mobile&quot;]}\" data-widget_type=\"aux_modern_heading.default\">\n\t\t\t\t<div class=\"elementor-widget-container\">\n\t\t\t<section class=\"aux-widget-modern-heading\">\n            <div class=\"aux-widget-inner\"><h2 class=\"aux-modern-heading-primary\">Ayty Im\u00f3veis<\/h2><\/div>\n        <\/section>\t\t<\/div>\n\t\t\t\t<\/div>\n\t\t\t\t<div class=\"elementor-element elementor-element-a2e4a53 elementor-widget elementor-widget-aux_button\" data-id=\"a2e4a53\" data-element_type=\"widget\" data-widget_type=\"aux_button.default\">\n\t\t\t\t<div class=\"elementor-widget-container\">\n\t\t\t<a  href=\"http:\/\/wa.link\/el959s\" target=\"_blank\"   class=\"aux-button aux-exlarge aux-white aux-curve aux-outline\" ><span class=\"aux-overlay\"><\/span><span class=\"aux-text\">Agende j\u00e1!<\/span><\/a>\t\t<\/div>\n\t\t\t\t<\/div>\n\t\t\t\t\t<\/div>\n\t\t<\/div>\n\t\t\t\t\t<\/div>\n\t\t<\/section>\n\t\t\t\t<section class=\"elementor-section elementor-top-section elementor-element elementor-element-b4e2364 elementor-section-full_width aux-appear-watch-animation aux-fade-in-up-2 elementor-section-height-default elementor-section-height-default\" data-id=\"b4e2364\" data-element_type=\"section\">\n\t\t\t\t\t\t<div class=\"elementor-container elementor-column-gap-default\">\n\t\t\t\t\t<div class=\"aux-parallax-section elementor-column elementor-col-100 elementor-top-column elementor-element elementor-element-4806ca4\" data-id=\"4806ca4\" data-element_type=\"column\">\n\t\t\t<div class=\"elementor-widget-wrap elementor-element-populated\">\n\t\t\t\t\t\t<div class=\"elementor-element elementor-element-5c17ac1 elementor-widget elementor-widget-heading\" data-id=\"5c17ac1\" data-element_type=\"widget\" data-widget_type=\"heading.default\">\n\t\t\t\t<div class=\"elementor-widget-container\">\n\t\t\t<h2 class=\"elementor-heading-title elementor-size-default\">Nossa equipe<\/h2>\t\t<\/div>\n\t\t\t\t<\/div>\n\t\t\t\t<section class=\"elementor-section elementor-inner-section elementor-element elementor-element-45f67d2 elementor-section-boxed elementor-section-height-default elementor-section-height-default\" data-id=\"45f67d2\" data-element_type=\"section\" data-settings=\"{&quot;_ha_eqh_enable&quot;:false}\">\n\t\t\t\t\t\t<div class=\"elementor-container elementor-column-gap-default\">\n\t\t\t\t\t<div class=\"aux-parallax-section elementor-column elementor-col-33 elementor-inner-column elementor-element elementor-element-9c76bf0\" data-id=\"9c76bf0\" data-element_type=\"column\">\n\t\t\t<div class=\"elementor-widget-wrap elementor-element-populated\">\n\t\t\t\t\t\t<div data-ha-element-link=\"{&quot;url&quot;:&quot;https:\\\/\\\/wa.link\\\/qmxwbw&quot;,&quot;is_external&quot;:&quot;on&quot;,&quot;nofollow&quot;:&quot;&quot;}\" style=\"cursor: pointer\" class=\"elementor-element elementor-element-c3a4fd0 elementor-widget elementor-widget-aux_staff\" data-id=\"c3a4fd0\" data-element_type=\"widget\" data-widget_type=\"aux_staff.default\">\n\t\t\t\t<div class=\"elementor-widget-container\">\n\t\t\t<section class=\"aux-wrap-style-simple widget-container aux-widget-staff aux-parent-aua47a32fd\">    <div class=\"aux-staff-container aux-staff-pos-top aux-staff-text-center aux-staff-text-dark \" >\n            <div class=\"aux-staff-header aux-staff-img-circle\">\n            <div class=\"aux-media-image\"><img decoding=\"async\" width=\"300\" height=\"300\" src=\"https:\/\/aytyimoveis.laverso.com.br\/wp-content\/uploads\/2024\/02\/Carol-300x300.jpg\" alt=\"Carol\" srcset=\"https:\/\/aytyimoveis.laverso.com.br\/wp-content\/uploads\/2024\/02\/Carol-150x150.jpg 150w,https:\/\/aytyimoveis.laverso.com.br\/wp-content\/uploads\/2024\/02\/Carol-300x300.jpg 300w,https:\/\/aytyimoveis.laverso.com.br\/wp-content\/uploads\/2024\/02\/Carol-768x768.jpg 768w,https:\/\/aytyimoveis.laverso.com.br\/wp-content\/uploads\/2024\/02\/Carol-1024x1024.jpg 1024w,https:\/\/aytyimoveis.laverso.com.br\/wp-content\/uploads\/2024\/02\/Carol-300x300.jpg 300w\" data-ratio=\"1\" data-original-w=\"1115\" \/><\/div>        <\/div>\n            <div class=\"aux-staff-content\">\n                        <h4 class=\"col-title\">Carol Pinaffi<\/h4>\n                        <h5 class=\"col-subtitle\">S\u00f3cia<\/h5>\n                        <div class=\"entry-content\">\n                                073 998121121            <\/div>\n                    <\/div>\n\n    <\/div>\n\n\n<\/section><!-- widget-container -->\t\t<\/div>\n\t\t\t\t<\/div>\n\t\t\t\t\t<\/div>\n\t\t<\/div>\n\t\t\t\t<div class=\"aux-parallax-section elementor-column elementor-col-33 elementor-inner-column elementor-element elementor-element-567fae7\" data-id=\"567fae7\" data-element_type=\"column\">\n\t\t\t<div class=\"elementor-widget-wrap elementor-element-populated\">\n\t\t\t\t\t\t<div data-ha-element-link=\"{&quot;url&quot;:&quot;https:\\\/\\\/wa.link\\\/obtemh&quot;,&quot;is_external&quot;:&quot;on&quot;,&quot;nofollow&quot;:&quot;&quot;}\" style=\"cursor: pointer\" class=\"elementor-element elementor-element-6f4baea elementor-widget elementor-widget-aux_staff\" data-id=\"6f4baea\" data-element_type=\"widget\" data-widget_type=\"aux_staff.default\">\n\t\t\t\t<div class=\"elementor-widget-container\">\n\t\t\t<section class=\"aux-wrap-style-simple widget-container aux-widget-staff aux-parent-aud52ce480\">    <div class=\"aux-staff-container aux-staff-pos-top aux-staff-text-center aux-staff-text-dark \" >\n            <div class=\"aux-staff-header aux-staff-img-circle\">\n            <div class=\"aux-media-image\"><img loading=\"lazy\" decoding=\"async\" width=\"300\" height=\"300\" src=\"https:\/\/aytyimoveis.laverso.com.br\/wp-content\/uploads\/2024\/02\/Cassio-300x300.jpg\" alt=\"C\u00e1ssio\" srcset=\"https:\/\/aytyimoveis.laverso.com.br\/wp-content\/uploads\/2024\/02\/Cassio-150x150.jpg 150w,https:\/\/aytyimoveis.laverso.com.br\/wp-content\/uploads\/2024\/02\/Cassio-300x300.jpg 300w,https:\/\/aytyimoveis.laverso.com.br\/wp-content\/uploads\/2024\/02\/Cassio-768x768.jpg 768w,https:\/\/aytyimoveis.laverso.com.br\/wp-content\/uploads\/2024\/02\/Cassio-300x300.jpg 300w\" data-ratio=\"1\" data-original-w=\"828\" \/><\/div>        <\/div>\n            <div class=\"aux-staff-content\">\n                        <h4 class=\"col-title\">C\u00e1ssio Andrade<\/h4>\n                        <h5 class=\"col-subtitle\">S\u00f3cio<\/h5>\n                        <div class=\"entry-content\">\n                                073 998718290            <\/div>\n                    <\/div>\n\n    <\/div>\n\n\n<\/section><!-- widget-container -->\t\t<\/div>\n\t\t\t\t<\/div>\n\t\t\t\t\t<\/div>\n\t\t<\/div>\n\t\t\t\t<div class=\"aux-parallax-section elementor-column elementor-col-33 elementor-inner-column elementor-element elementor-element-8cf861b\" data-id=\"8cf861b\" data-element_type=\"column\">\n\t\t\t<div class=\"elementor-widget-wrap elementor-element-populated\">\n\t\t\t\t\t\t<div data-ha-element-link=\"{&quot;url&quot;:&quot;https:\\\/\\\/wa.link\\\/ozu69n&quot;,&quot;is_external&quot;:&quot;on&quot;,&quot;nofollow&quot;:&quot;&quot;}\" style=\"cursor: pointer\" class=\"elementor-element elementor-element-569c56b elementor-widget elementor-widget-aux_staff\" data-id=\"569c56b\" data-element_type=\"widget\" data-widget_type=\"aux_staff.default\">\n\t\t\t\t<div class=\"elementor-widget-container\">\n\t\t\t<section class=\"aux-wrap-style-simple widget-container aux-widget-staff aux-parent-au5e397a34\">    <div class=\"aux-staff-container aux-staff-pos-top aux-staff-text-center aux-staff-text-dark \" >\n            <div class=\"aux-staff-header aux-staff-img-circle\">\n            <div class=\"aux-media-image\"><img loading=\"lazy\" decoding=\"async\" width=\"300\" height=\"300\" src=\"https:\/\/aytyimoveis.laverso.com.br\/wp-content\/uploads\/2024\/02\/Benicacia-300x300.jpg\" alt=\"Benicacia_Bruno Conzi\" srcset=\"https:\/\/aytyimoveis.laverso.com.br\/wp-content\/uploads\/2024\/02\/Benicacia-150x150.jpg 150w,https:\/\/aytyimoveis.laverso.com.br\/wp-content\/uploads\/2024\/02\/Benicacia-300x300.jpg 300w,https:\/\/aytyimoveis.laverso.com.br\/wp-content\/uploads\/2024\/02\/Benicacia-300x300.jpg 300w\" data-ratio=\"1\" data-original-w=\"740\" \/><\/div>        <\/div>\n            <div class=\"aux-staff-content\">\n                        <h4 class=\"col-title\">Benicacia Saraiva Figueiredo<\/h4>\n                        <h5 class=\"col-subtitle\">S\u00f3cia<\/h5>\n                        <div class=\"entry-content\">\n                                033 988791121            <\/div>\n                    <\/div>\n\n    <\/div>\n\n\n<\/section><!-- widget-container -->\t\t<\/div>\n\t\t\t\t<\/div>\n\t\t\t\t\t<\/div>\n\t\t<\/div>\n\t\t\t\t\t<\/div>\n\t\t<\/section>\n\t\t\t\t\t<\/div>\n\t\t<\/div>\n\t\t\t\t\t<\/div>\n\t\t<\/section>\n\t\t\t\t<\/div>\n\t\t","protected":false},"excerpt":{"rendered":"<p>Aytyi Im\u00f3veis Aytyi Im\u00f3veis Exclusivo Ayty Im\u00f3veis Agende j\u00e1! Nossa equipe Carol Pinaffi S\u00f3cia 073 998121121 C\u00e1ssio Andrade S\u00f3cio 073 998718290 Benicacia Saraiva Figueiredo S\u00f3cia 033 988791121<\/p>\n","protected":false},"author":2,"featured_media":0,"parent":0,"menu_order":0,"comment_status":"closed","ping_status":"closed","template":"templates\/page-builder-content.php","meta":{"_eb_attr":"","footnotes":""},"_links":{"self":[{"href":"https:\/\/aytyimoveis.laverso.com.br\/index.php\/wp-json\/wp\/v2\/pages\/58"}],"collection":[{"href":"https:\/\/aytyimoveis.laverso.com.br\/index.php\/wp-json\/wp\/v2\/pages"}],"about":[{"href":"https:\/\/aytyimoveis.laverso.com.br\/index.php\/wp-json\/wp\/v2\/types\/page"}],"author":[{"embeddable":true,"href":"https:\/\/aytyimoveis.laverso.com.br\/index.php\/wp-json\/wp\/v2\/users\/2"}],"replies":[{"embeddable":true,"href":"https:\/\/aytyimoveis.laverso.com.br\/index.php\/wp-json\/wp\/v2\/comments?post=58"}],"version-history":[{"count":84,"href":"https:\/\/aytyimoveis.laverso.com.br\/index.php\/wp-json\/wp\/v2\/pages\/58\/revisions"}],"predecessor-version":[{"id":1801,"href":"https:\/\/aytyimoveis.laverso.com.br\/index.php\/wp-json\/wp\/v2\/pages\/58\/revisions\/1801"}],"wp:attachment":[{"href":"https:\/\/aytyimoveis.laverso.com.br\/index.php\/wp-json\/wp\/v2\/media?parent=58"}],"curies":[{"name":"wp","href":"https:\/\/api.w.org\/{rel}","templated":true}]}}